{"id":16650,"date":"2020-02-24T22:15:15","date_gmt":"2020-02-24T22:15:15","guid":{"rendered":"https:\/\/demo27.houzez.co\/?page_id=16650"},"modified":"2026-02-11T14:42:36","modified_gmt":"2026-02-11T11:42:36","slug":"hakkimizda","status":"publish","type":"page","link":"https:\/\/newdiamondgyd.com\/index.php\/hakkimizda\/","title":{"rendered":"Hakk\u0131m\u0131zda"},"content":{"rendered":"\t\t<div data-elementor-type=\"wp-page\" data-elementor-id=\"16650\" class=\"elementor elementor-16650\">\n\t\t\t\t\t\t<section class=\"elementor-section elementor-top-section elementor-element elementor-element-5b81e21 elementor-section-height-min-height animated-slow elementor-section-boxed elementor-section-height-default elementor-section-items-middle elementor-invisible\" data-id=\"5b81e21\" data-element_type=\"section\" data-e-type=\"section\" data-settings=\"{&quot;background_background&quot;:&quot;classic&quot;,&quot;animation&quot;:&quot;fadeIn&quot;}\">\n\t\t\t\t\t\t\t<div class=\"elementor-background-overlay\"><\/div>\n\t\t\t\t\t\t\t<div class=\"elementor-container elementor-column-gap-default\">\n\t\t\t\t\t<div class=\"elementor-column elementor-col-100 elementor-top-column elementor-element elementor-element-ad367f8\" data-id=\"ad367f8\" data-element_type=\"column\" data-e-type=\"column\">\n\t\t\t<div class=\"elementor-widget-wrap elementor-element-populated\">\n\t\t\t\t\t\t<div class=\"elementor-element elementor-element-0e7939f elementor-widget elementor-widget-heading\" data-id=\"0e7939f\" data-element_type=\"widget\" data-e-type=\"widget\" data-widget_type=\"heading.default\">\n\t\t\t\t\t<h1 class=\"elementor-heading-title elementor-size-default\">Hakk\u0131m\u0131zda<\/h1>\t\t\t\t<\/div>\n\t\t\t\t\t<\/div>\n\t\t<\/div>\n\t\t\t\t\t<\/div>\n\t\t<\/section>\n\t\t\t\t<section class=\"elementor-section elementor-top-section elementor-element elementor-element-09038dc elementor-section-boxed elementor-section-height-default elementor-section-height-default\" data-id=\"09038dc\" data-element_type=\"section\" data-e-type=\"section\" data-settings=\"{&quot;background_background&quot;:&quot;classic&quot;}\">\n\t\t\t\t\t\t<div class=\"elementor-container elementor-column-gap-default\">\n\t\t\t\t\t<div class=\"elementor-column elementor-col-100 elementor-top-column elementor-element elementor-element-c8278ac\" data-id=\"c8278ac\" data-element_type=\"column\" data-e-type=\"column\">\n\t\t\t<div class=\"elementor-widget-wrap elementor-element-populated\">\n\t\t\t\t\t\t<div class=\"elementor-element elementor-element-3271868 elementor-widget elementor-widget-spacer\" data-id=\"3271868\" data-element_type=\"widget\" data-e-type=\"widget\" data-widget_type=\"spacer.default\">\n\t\t\t\t\t\t\t<div class=\"elementor-spacer\">\n\t\t\t<div class=\"elementor-spacer-inner\"><\/div>\n\t\t<\/div>\n\t\t\t\t\t\t<\/div>\n\t\t\t\t<div class=\"elementor-element elementor-element-e7372b6 animated-slow elementor-invisible elementor-widget elementor-widget-houzez_elementor_section_title\" data-id=\"e7372b6\" data-element_type=\"widget\" data-e-type=\"widget\" data-settings=\"{&quot;_animation&quot;:&quot;fadeIn&quot;}\" data-widget_type=\"houzez_elementor_section_title.default\">\n\t\t\t\t<div class=\"elementor-widget-container\">\n\t\t\t\t\t            <div class=\"houzez_section_title_wrap section-title-module\">\n                                    <h2 class=\"houzez_section_title\">Birlikte aileyiz.<\/h2>\n                \n                            <\/div>\n            \t\t\t\t<\/div>\n\t\t\t\t<\/div>\n\t\t\t\t<div class=\"elementor-element elementor-element-69fe9b8 elementor-widget elementor-widget-text-editor\" data-id=\"69fe9b8\" data-element_type=\"widget\" data-e-type=\"widget\" data-widget_type=\"text-editor.default\">\n\t\t\t\t\t\t\t\t\t<p data-start=\"185\" data-end=\"398\"><strong data-start=\"185\" data-end=\"226\"><span class=\"hover:entity-accent entity-underline inline cursor-pointer align-baseline\"><span class=\"whitespace-normal\">New Diamond Gayrimenkul<\/span><\/span><\/strong>, gayrimenkul sekt\u00f6r\u00fcnde <strong data-start=\"251\" data-end=\"277\">10 y\u0131ll\u0131k tecr\u00fcbesiyle<\/strong> faaliyet g\u00f6steren; d\u00fcr\u00fcstl\u00fck, sayg\u0131 ve ahlak\u0131 i\u015finin merkezine koyan profesyonel bir gayrimenkul dan\u0131\u015fmanl\u0131k firmas\u0131d\u0131r.<\/p><p data-start=\"400\" data-end=\"628\">\u0130stanbul\u2019un h\u0131zla de\u011fer kazanan b\u00f6lgelerinden biri olan <strong data-start=\"456\" data-end=\"497\"><span class=\"hover:entity-accent entity-underline inline cursor-pointer align-baseline\"><span class=\"whitespace-normal\">\u0130stanbul Arnavutk\u00f6y Yeni\u015fehir<\/span><\/span><\/strong> b\u00f6lgesinde uzmanla\u015fm\u0131\u015f ekibimizle, yat\u0131r\u0131mc\u0131lar\u0131m\u0131za yaln\u0131zca m\u00fclk de\u011fil; <strong data-start=\"572\" data-end=\"617\">g\u00fcven, \u015feffafl\u0131k ve s\u00fcrd\u00fcr\u00fclebilir kazan\u00e7<\/strong> sunuyoruz.<\/p><p data-start=\"630\" data-end=\"841\">Bizim i\u00e7in ba\u015far\u0131, yap\u0131lan sat\u0131\u015f say\u0131s\u0131yla de\u011fil; <strong data-start=\"680\" data-end=\"737\">kazan\u0131lan insanlar ve kurulan uzun vadeli ili\u015fkilerle<\/strong> \u00f6l\u00e7\u00fcl\u00fcr.<br data-start=\"746\" data-end=\"749\" \/>Her m\u00fc\u015fterimizi bir ticari i\u015flem olarak de\u011fil, uzun soluklu bir yol arkada\u015f\u0131 olarak g\u00f6r\u00fcr\u00fcz.<\/p><p data-start=\"843\" data-end=\"1007\">Arsa, konut ve yat\u0131r\u0131m projelerinde; do\u011fru bilgi, a\u00e7\u0131k ileti\u015fim ve etik de\u011ferler \u0131\u015f\u0131\u011f\u0131nda hareket eder, k\u0131sa vadeli kazan\u00e7tan \u00e7ok <strong data-start=\"973\" data-end=\"995\">kal\u0131c\u0131 memnuniyeti<\/strong> hedefleriz.<\/p><p data-start=\"1009\" data-end=\"1144\">New Diamond Gayrimenkul olarak, bug\u00fcn oldu\u011fu gibi gelecekte de <strong data-start=\"1072\" data-end=\"1101\">\u00f6nce insan, sonra yat\u0131r\u0131m<\/strong> anlay\u0131\u015f\u0131yla hizmet vermeye devam edece\u011fiz.<\/p>\t\t\t\t\t\t\t\t<\/div>\n\t\t\t\t<div class=\"elementor-element elementor-element-89a95a6 elementor-widget elementor-widget-spacer\" data-id=\"89a95a6\" data-element_type=\"widget\" data-e-type=\"widget\" data-widget_type=\"spacer.default\">\n\t\t\t\t\t\t\t<div class=\"elementor-spacer\">\n\t\t\t<div class=\"elementor-spacer-inner\"><\/div>\n\t\t<\/div>\n\t\t\t\t\t\t<\/div>\n\t\t\t\t\t<\/div>\n\t\t<\/div>\n\t\t\t\t\t<\/div>\n\t\t<\/section>\n\t\t\t\t<\/div>\n\t\t","protected":false},"excerpt":{"rendered":"<p>Hakk\u0131m\u0131zda Birlikte aileyiz. New Diamond Gayrimenkul, gayrimenkul sekt\u00f6r\u00fcnde 10 y\u0131ll\u0131k tecr\u00fcbesiyle faaliyet g\u00f6steren; d\u00fcr\u00fcstl\u00fck, sayg\u0131 ve ahlak\u0131 i\u015finin merkezine koyan profesyonel bir gayrimenkul dan\u0131\u015fmanl\u0131k firmas\u0131d\u0131r. \u0130stanbul\u2019un h\u0131zla de\u011fer kazanan b\u00f6lgelerinden biri olan \u0130stanbul Arnavutk\u00f6y Yeni\u015fehir b\u00f6lgesinde uzmanla\u015fm\u0131\u015f ekibimizle, yat\u0131r\u0131mc\u0131lar\u0131m\u0131za yaln\u0131zca m\u00fclk de\u011fil; g\u00fcven, \u015feffafl\u0131k ve s\u00fcrd\u00fcr\u00fclebilir kazan\u00e7 sunuyoruz. Bizim i\u00e7in ba\u015far\u0131, yap\u0131lan sat\u0131\u015f say\u0131s\u0131yla de\u011fil; [&hellip;]<\/p>\n","protected":false},"author":1,"featured_media":0,"parent":0,"menu_order":0,"comment_status":"closed","ping_status":"closed","template":"template\/template-homepage.php","meta":{"footnotes":""},"class_list":["post-16650","page","type-page","status-publish","hentry"],"aioseo_notices":[],"_links":{"self":[{"href":"https:\/\/newdiamondgyd.com\/index.php\/wp-json\/wp\/v2\/pages\/16650","targetHints":{"allow":["GET"]}}],"collection":[{"href":"https:\/\/newdiamondgyd.com\/index.php\/wp-json\/wp\/v2\/pages"}],"about":[{"href":"https:\/\/newdiamondgyd.com\/index.php\/wp-json\/wp\/v2\/types\/page"}],"author":[{"embeddable":true,"href":"https:\/\/newdiamondgyd.com\/index.php\/wp-json\/wp\/v2\/users\/1"}],"replies":[{"embeddable":true,"href":"https:\/\/newdiamondgyd.com\/index.php\/wp-json\/wp\/v2\/comments?post=16650"}],"version-history":[{"count":22,"href":"https:\/\/newdiamondgyd.com\/index.php\/wp-json\/wp\/v2\/pages\/16650\/revisions"}],"predecessor-version":[{"id":18695,"href":"https:\/\/newdiamondgyd.com\/index.php\/wp-json\/wp\/v2\/pages\/16650\/revisions\/18695"}],"wp:attachment":[{"href":"https:\/\/newdiamondgyd.com\/index.php\/wp-json\/wp\/v2\/media?parent=16650"}],"curies":[{"name":"wp","href":"https:\/\/api.w.org\/{rel}","templated":true}]}}